{"id":490,"date":"2016-10-30T12:40:41","date_gmt":"2016-10-30T11:40:41","guid":{"rendered":"http:\/\/gite-montsaintmichel.fr\/beauvoir\/?page_id=490"},"modified":"2022-09-24T10:24:13","modified_gmt":"2022-09-24T08:24:13","slug":"home-1","status":"publish","type":"page","link":"http:\/\/gite-montsaintmichel.fr\/beauvoir\/index.php\/home-1\/","title":{"rendered":"Tarifs"},"content":{"rendered":"\t\t<div data-elementor-type=\"wp-post\" data-elementor-id=\"490\" class=\"elementor elementor-490\">\n\t\t\t\t\t\t\t\t\t<section class=\"elementor-section elementor-top-section elementor-element elementor-element-xzv1c7c elementor-section-boxed elementor-section-height-default elementor-section-height-default\" data-id=\"xzv1c7c\" data-element_type=\"section\" data-settings=\"{&quot;background_background&quot;:&quot;classic&quot;}\">\n\t\t\t\t\t\t<div class=\"elementor-container elementor-column-gap-default\">\n\t\t\t\t\t<div class=\"elementor-column elementor-col-100 elementor-top-column elementor-element elementor-element-5pbrfdr\" data-id=\"5pbrfdr\" data-element_type=\"column\">\n\t\t\t<div class=\"elementor-widget-wrap elementor-element-populated\">\n\t\t\t\t\t\t\t\t<div class=\"elementor-element elementor-element-b0b67c0 elementor-widget elementor-widget-heading\" data-id=\"b0b67c0\" data-element_type=\"widget\" data-widget_type=\"heading.default\">\n\t\t\t\t<div class=\"elementor-widget-container\">\n\t\t\t<style>\/*! elementor - v3.7.7 - 20-09-2022 *\/\n.elementor-heading-title{padding:0;margin:0;line-height:1}.elementor-widget-heading .elementor-heading-title[class*=elementor-size-]>a{color:inherit;font-size:inherit;line-height:inherit}.elementor-widget-heading .elementor-heading-title.elementor-size-small{font-size:15px}.elementor-widget-heading .elementor-heading-title.elementor-size-medium{font-size:19px}.elementor-widget-heading .elementor-heading-title.elementor-size-large{font-size:29px}.elementor-widget-heading .elementor-heading-title.elementor-size-xl{font-size:39px}.elementor-widget-heading .elementor-heading-title.elementor-size-xxl{font-size:59px}<\/style><h2 class=\"elementor-heading-title elementor-size-xl\">La Gr\u00e8ve Saint Michel<\/h2>\t\t<\/div>\n\t\t\t\t<\/div>\n\t\t\t\t\t<\/div>\n\t\t<\/div>\n\t\t\t\t\t\t\t<\/div>\n\t\t<\/section>\n\t\t\t\t<section class=\"elementor-section elementor-top-section elementor-element elementor-element-ba826c8 elementor-section-boxed elementor-section-height-default elementor-section-height-default\" data-id=\"ba826c8\" data-element_type=\"section\">\n\t\t\t\t\t\t<div class=\"elementor-container elementor-column-gap-default\">\n\t\t\t\t\t<div class=\"elementor-column elementor-col-100 elementor-top-column elementor-element elementor-element-d4dde95\" data-id=\"d4dde95\" data-element_type=\"column\">\n\t\t\t<div class=\"elementor-widget-wrap elementor-element-populated\">\n\t\t\t\t\t\t\t\t<div class=\"elementor-element elementor-element-958c875 elementor-widget elementor-widget-heading\" data-id=\"958c875\" data-element_type=\"widget\" data-widget_type=\"heading.default\">\n\t\t\t\t<div class=\"elementor-widget-container\">\n\t\t\t<h1 class=\"elementor-heading-title elementor-size-xl\">Tarifs<\/h1>\t\t<\/div>\n\t\t\t\t<\/div>\n\t\t\t\t\t<\/div>\n\t\t<\/div>\n\t\t\t\t\t\t\t<\/div>\n\t\t<\/section>\n\t\t\t\t<section class=\"elementor-section elementor-top-section elementor-element elementor-element-799b223 elementor-section-boxed elementor-section-height-default elementor-section-height-default\" data-id=\"799b223\" data-element_type=\"section\">\n\t\t\t\t\t\t<div class=\"elementor-container elementor-column-gap-default\">\n\t\t\t\t\t<div class=\"elementor-column elementor-col-50 elementor-top-column elementor-element elementor-element-6323de6\" data-id=\"6323de6\" data-element_type=\"column\">\n\t\t\t<div class=\"elementor-widget-wrap elementor-element-populated\">\n\t\t\t\t\t\t\t\t<div class=\"elementor-element elementor-element-8f7fddd elementor-widget elementor-widget-heading\" data-id=\"8f7fddd\" data-element_type=\"widget\" data-widget_type=\"heading.default\">\n\t\t\t\t<div class=\"elementor-widget-container\">\n\t\t\t<h2 class=\"elementor-heading-title elementor-size-default\">Hors saison<\/h2>\t\t<\/div>\n\t\t\t\t<\/div>\n\t\t\t\t<div class=\"elementor-element elementor-element-f9ab920 elementor-widget elementor-widget-text-editor\" data-id=\"f9ab920\" data-element_type=\"widget\" data-widget_type=\"text-editor.default\">\n\t\t\t\t<div class=\"elementor-widget-container\">\n\t\t\t<style>\/*! elementor - v3.7.7 - 20-09-2022 *\/\n.elementor-widget-text-editor.elementor-drop-cap-view-stacked .elementor-drop-cap{background-color:#818a91;color:#fff}.elementor-widget-text-editor.elementor-drop-cap-view-framed .elementor-drop-cap{color:#818a91;border:3px solid;background-color:transparent}.elementor-widget-text-editor:not(.elementor-drop-cap-view-default) .elementor-drop-cap{margin-top:8px}.elementor-widget-text-editor:not(.elementor-drop-cap-view-default) .elementor-drop-cap-letter{width:1em;height:1em}.elementor-widget-text-editor .elementor-drop-cap{float:left;text-align:center;line-height:1;font-size:50px}.elementor-widget-text-editor .elementor-drop-cap-letter{display:inline-block}<\/style>\t\t\t\t<p>Avec location au minimum 2 nuits.<br \/>Pour 4 \u00e0 6 personnes, au del\u00e0 de 6 personnes voir propri\u00e9taire jusqu&rsquo;\u00e0 10 personnes.<\/p>\t\t\t\t\t\t<\/div>\n\t\t\t\t<\/div>\n\t\t\t\t<div class=\"elementor-element elementor-element-f4cd4cf elementor-widget elementor-widget-html\" data-id=\"f4cd4cf\" data-element_type=\"widget\" data-widget_type=\"html.default\">\n\t\t\t\t<div class=\"elementor-widget-container\">\n\t\t\t<style type=\"text\/css\">\r\n.auto-style1 {\r\n\ttext-align: right;\r\n}\r\n.auto-style2 {\r\n\ttext-align: right;\r\n\tcolor: #99CC00;\r\n\r\n<\/style>\r\n\r\n\r\n\r\n<table style=\"width: 100%\">\r\n\t<tr>\r\n\t\t<td style=\"width: 686px\"><strong><\/strong><\/td>\r\n\r\n\t\t<td class=\"auto-style1\"><strong>Tarifs <\/strong><\/td>\r\n\t<\/tr>\r\n\t<tr>\r\n\t\t<td style=\"width: 686px\"><strong>La semaine<\/strong><br \/>\r\n\t\t<\/td>\r\n\t\t<td class=\"auto-style1\" valign=\"top\">780\u20ac<\/td>\r\n\t\r\n\t<\/tr>\r\n\t<tr>\r\n\t\t<td style=\"width: 686px\"><strong>Forfait week-end tout compris<br \/>\r\n\t\t<\/td>\r\n\t\t<td class=\"auto-style1\" valign=\"top\">380\u20ac<\/td>\r\n\t\r\n\t<\/tr>\r\n\t<tr>\r\n\t\t<td style=\"width: 686px\"><strong>La nuit<\/strong><b> <\/b>&nbsp;&nbsp;&nbsp;\r\n\t\t<br \/>\r\n\t\t<\/td>\r\n\t\t<td class=\"auto-style1\" valign=\"top\">125\u20ac<\/td>\r\n\t\r\n\t<\/tr>\r\n<\/table>\r\n\t\t<\/div>\n\t\t\t\t<\/div>\n\t\t\t\t\t<\/div>\n\t\t<\/div>\n\t\t\t\t<div class=\"elementor-column elementor-col-50 elementor-top-column elementor-element elementor-element-9a24810\" data-id=\"9a24810\" data-element_type=\"column\">\n\t\t\t<div class=\"elementor-widget-wrap elementor-element-populated\">\n\t\t\t\t\t\t\t\t<div class=\"elementor-element elementor-element-0603c69 elementor-widget elementor-widget-image\" data-id=\"0603c69\" data-element_type=\"widget\" data-widget_type=\"image.default\">\n\t\t\t\t<div class=\"elementor-widget-container\">\n\t\t\t<style>\/*! elementor - v3.7.7 - 20-09-2022 *\/\n.elementor-widget-image{text-align:center}.elementor-widget-image a{display:inline-block}.elementor-widget-image a img[src$=\".svg\"]{width:48px}.elementor-widget-image img{vertical-align:middle;display:inline-block}<\/style>\t\t\t\t\t\t\t\t\t\t\t\t<img decoding=\"async\" width=\"1024\" height=\"768\" src=\"http:\/\/gite-montsaintmichel.fr\/beauvoir\/wp-content\/uploads\/2022\/06\/d37e5c36_original-1024x768.jpg\" class=\"attachment-large size-large\" alt=\"\" loading=\"lazy\" srcset=\"http:\/\/gite-montsaintmichel.fr\/beauvoir\/wp-content\/uploads\/2022\/06\/d37e5c36_original-1024x768.jpg 1024w, http:\/\/gite-montsaintmichel.fr\/beauvoir\/wp-content\/uploads\/2022\/06\/d37e5c36_original-300x225.jpg 300w, http:\/\/gite-montsaintmichel.fr\/beauvoir\/wp-content\/uploads\/2022\/06\/d37e5c36_original-768x576.jpg 768w, http:\/\/gite-montsaintmichel.fr\/beauvoir\/wp-content\/uploads\/2022\/06\/d37e5c36_original.jpg 1200w\" sizes=\"(max-width: 1024px) 100vw, 1024px\" \/>\t\t\t\t\t\t\t\t\t\t\t\t\t\t\t<\/div>\n\t\t\t\t<\/div>\n\t\t\t\t\t<\/div>\n\t\t<\/div>\n\t\t\t\t\t\t\t<\/div>\n\t\t<\/section>\n\t\t\t\t<section class=\"elementor-section elementor-top-section elementor-element elementor-element-a5cc827 elementor-section-boxed elementor-section-height-default elementor-section-height-default\" data-id=\"a5cc827\" data-element_type=\"section\">\n\t\t\t\t\t\t<div class=\"elementor-container elementor-column-gap-default\">\n\t\t\t\t\t<div class=\"elementor-column elementor-col-50 elementor-top-column elementor-element elementor-element-657c23c\" data-id=\"657c23c\" data-element_type=\"column\">\n\t\t\t<div class=\"elementor-widget-wrap elementor-element-populated\">\n\t\t\t\t\t\t\t\t<div class=\"elementor-element elementor-element-e661d67 elementor-widget elementor-widget-image\" data-id=\"e661d67\" data-element_type=\"widget\" data-widget_type=\"image.default\">\n\t\t\t\t<div class=\"elementor-widget-container\">\n\t\t\t\t\t\t\t\t\t\t\t\t\t\t\t<img decoding=\"async\" width=\"1024\" height=\"743\" src=\"http:\/\/gite-montsaintmichel.fr\/beauvoir\/wp-content\/uploads\/2022\/06\/299c1267_original-1024x743.jpg\" class=\"attachment-large size-large\" alt=\"\" loading=\"lazy\" srcset=\"http:\/\/gite-montsaintmichel.fr\/beauvoir\/wp-content\/uploads\/2022\/06\/299c1267_original-1024x743.jpg 1024w, http:\/\/gite-montsaintmichel.fr\/beauvoir\/wp-content\/uploads\/2022\/06\/299c1267_original-300x218.jpg 300w, http:\/\/gite-montsaintmichel.fr\/beauvoir\/wp-content\/uploads\/2022\/06\/299c1267_original-768x557.jpg 768w, http:\/\/gite-montsaintmichel.fr\/beauvoir\/wp-content\/uploads\/2022\/06\/299c1267_original.jpg 1200w\" sizes=\"(max-width: 1024px) 100vw, 1024px\" \/>\t\t\t\t\t\t\t\t\t\t\t\t\t\t\t<\/div>\n\t\t\t\t<\/div>\n\t\t\t\t\t<\/div>\n\t\t<\/div>\n\t\t\t\t<div class=\"elementor-column elementor-col-50 elementor-top-column elementor-element elementor-element-85216e8\" data-id=\"85216e8\" data-element_type=\"column\">\n\t\t\t<div class=\"elementor-widget-wrap elementor-element-populated\">\n\t\t\t\t\t\t\t\t<div class=\"elementor-element elementor-element-fd3bb87 elementor-widget elementor-widget-heading\" data-id=\"fd3bb87\" data-element_type=\"widget\" data-widget_type=\"heading.default\">\n\t\t\t\t<div class=\"elementor-widget-container\">\n\t\t\t<h2 class=\"elementor-heading-title elementor-size-default\">Haute saison<\/h2>\t\t<\/div>\n\t\t\t\t<\/div>\n\t\t\t\t<div class=\"elementor-element elementor-element-09650c1 elementor-widget elementor-widget-text-editor\" data-id=\"09650c1\" data-element_type=\"widget\" data-widget_type=\"text-editor.default\">\n\t\t\t\t<div class=\"elementor-widget-container\">\n\t\t\t\t\t\t\t<p>Du 1 Juillet au 30 Ao\u00fbt<br \/>Location uniquement du samedi au samedi.<br \/>Arriv\u00e9e \u00e0 partir de 15h \u00e0 23h.<br \/>D\u00e9part au maximum \u00e0 10h<\/p><p>Tarif pour 4 \u00e0 6 personnes<\/p>\t\t\t\t\t\t<\/div>\n\t\t\t\t<\/div>\n\t\t\t\t<div class=\"elementor-element elementor-element-e5dd8bf elementor-widget elementor-widget-html\" data-id=\"e5dd8bf\" data-element_type=\"widget\" data-widget_type=\"html.default\">\n\t\t\t\t<div class=\"elementor-widget-container\">\n\t\t\t<style type=\"text\/css\">\r\n.auto-style1 {\r\n\ttext-align: right;\r\n}\r\n.auto-style2 {\r\n\ttext-align: right;\r\n\tcolor: #99CC00;\r\n\r\n<\/style>\r\n\r\n\r\n\r\n<table style=\"width: 100%\">\r\n\t<tr>\r\n\t\t<td style=\"width: 686px\"><strong><\/strong><\/td>\r\n\r\n\t\t<td class=\"auto-style1\"><strong>Tarifs <\/strong><\/td>\r\n\t<\/tr>\r\n\t<tr>\r\n\t\t<td style=\"width: 686px\"><strong>La semaine<\/strong><br \/>\r\n\t\t<\/td>\r\n\t\t<td class=\"auto-style1\" valign=\"top\">840\u20ac<\/td>\r\n\t\r\n\t<\/tr>\r\n\r\n<\/table>\r\n\t\t<\/div>\n\t\t\t\t<\/div>\n\t\t\t\t\t<\/div>\n\t\t<\/div>\n\t\t\t\t\t\t\t<\/div>\n\t\t<\/section>\n\t\t\t\t<section class=\"elementor-section elementor-top-section elementor-element elementor-element-93e07b9 elementor-section-boxed elementor-section-height-default elementor-section-height-default\" data-id=\"93e07b9\" data-element_type=\"section\">\n\t\t\t\t\t\t<div class=\"elementor-container elementor-column-gap-default\">\n\t\t\t\t\t<div class=\"elementor-column elementor-col-100 elementor-top-column elementor-element elementor-element-960b909\" data-id=\"960b909\" data-element_type=\"column\">\n\t\t\t<div class=\"elementor-widget-wrap elementor-element-populated\">\n\t\t\t\t\t\t\t\t<div class=\"elementor-element elementor-element-e9cc741 elementor-widget elementor-widget-text-editor\" data-id=\"e9cc741\" data-element_type=\"widget\" data-widget_type=\"text-editor.default\">\n\t\t\t\t<div class=\"elementor-widget-container\">\n\t\t\t\t\t\t\t<p><strong>Conditions de location :\u00a0<br \/><\/strong>Acompte de 20% \u00e0 la r\u00e9servation, versement du solde \u00e0 l&rsquo;arriv\u00e9e uniquement en esp\u00e8ces ou ch\u00e8que ou virement application bancaire Paylib (imm\u00e9diat).<br \/>D\u00e9p\u00f4t de garantie \u00e0 verser \u00e0 l&rsquo;arriv\u00e9e en esp\u00e8ce, ch\u00e8que ou virement Paylib.<\/p><p>Etat des lieux d&rsquo;entr\u00e9e \u00e0 la remise des cl\u00e9s et \u00e9tat des lieux de sortie.<\/p><p>Location de v\u00e9los sur place, garage possible sur place, parking gratuit.<\/p>\t\t\t\t\t\t<\/div>\n\t\t\t\t<\/div>\n\t\t\t\t<div class=\"elementor-element elementor-element-e8b2818 elementor-arrows-position-inside elementor-pagination-position-outside elementor-widget elementor-widget-image-carousel\" data-id=\"e8b2818\" data-element_type=\"widget\" data-settings=\"{&quot;pause_on_hover&quot;:&quot;no&quot;,&quot;navigation&quot;:&quot;both&quot;,&quot;autoplay&quot;:&quot;yes&quot;,&quot;pause_on_interaction&quot;:&quot;yes&quot;,&quot;autoplay_speed&quot;:5000,&quot;infinite&quot;:&quot;yes&quot;,&quot;speed&quot;:500}\" data-widget_type=\"image-carousel.default\">\n\t\t\t\t<div class=\"elementor-widget-container\">\n\t\t\t<style>\/*! elementor - v3.7.7 - 20-09-2022 *\/\n.elementor-widget-image-carousel .swiper-container{position:static}.elementor-widget-image-carousel .swiper-container .swiper-slide figure{line-height:inherit}.elementor-widget-image-carousel .swiper-slide{text-align:center}.elementor-image-carousel-wrapper:not(.swiper-container-initialized) .swiper-slide{max-width:calc(100% \/ var(--e-image-carousel-slides-to-show, 3))}<\/style>\t\t<div class=\"elementor-image-carousel-wrapper swiper-container\" dir=\"ltr\">\n\t\t\t<div class=\"elementor-image-carousel swiper-wrapper\">\n\t\t\t\t\t\t\t\t<div class=\"swiper-slide\"><figure class=\"swiper-slide-inner\"><img decoding=\"async\" class=\"swiper-slide-image\" src=\"http:\/\/gite-montsaintmichel.fr\/beauvoir\/wp-content\/uploads\/2022\/06\/e93b94e7-9995-44e5-b7d2-f9ad5103d7d4-1200x700.jpg\" alt=\"e93b94e7-9995-44e5-b7d2-f9ad5103d7d4\" \/><\/figure><\/div><div class=\"swiper-slide\"><figure class=\"swiper-slide-inner\"><img decoding=\"async\" class=\"swiper-slide-image\" src=\"http:\/\/gite-montsaintmichel.fr\/beauvoir\/wp-content\/uploads\/2022\/06\/beb2bfe1-347e-4957-ac1b-0a185b3f9604-1200x700.jpg\" alt=\"beb2bfe1-347e-4957-ac1b-0a185b3f9604\" \/><\/figure><\/div><div class=\"swiper-slide\"><figure class=\"swiper-slide-inner\"><img decoding=\"async\" class=\"swiper-slide-image\" src=\"http:\/\/gite-montsaintmichel.fr\/beauvoir\/wp-content\/uploads\/2022\/06\/a5a97676_original-1200x700.jpg\" alt=\"a5a97676_original\" \/><\/figure><\/div><div class=\"swiper-slide\"><figure class=\"swiper-slide-inner\"><img decoding=\"async\" class=\"swiper-slide-image\" src=\"http:\/\/gite-montsaintmichel.fr\/beauvoir\/wp-content\/uploads\/2022\/06\/148692406-1200x700.jpg\" alt=\"148692406\" \/><\/figure><\/div><div class=\"swiper-slide\"><figure class=\"swiper-slide-inner\"><img decoding=\"async\" class=\"swiper-slide-image\" src=\"http:\/\/gite-montsaintmichel.fr\/beauvoir\/wp-content\/uploads\/2022\/06\/148692099-1200x700.jpg\" alt=\"148692099\" \/><\/figure><\/div><div class=\"swiper-slide\"><figure class=\"swiper-slide-inner\"><img decoding=\"async\" class=\"swiper-slide-image\" src=\"http:\/\/gite-montsaintmichel.fr\/beauvoir\/wp-content\/uploads\/2022\/06\/a06c6ee7_original-1200x700.jpg\" alt=\"a06c6ee7_original\" \/><\/figure><\/div><div class=\"swiper-slide\"><figure class=\"swiper-slide-inner\"><img decoding=\"async\" class=\"swiper-slide-image\" src=\"http:\/\/gite-montsaintmichel.fr\/beauvoir\/wp-content\/uploads\/2022\/06\/96161264-1200x700.jpg\" alt=\"96161264\" \/><\/figure><\/div><div class=\"swiper-slide\"><figure class=\"swiper-slide-inner\"><img decoding=\"async\" class=\"swiper-slide-image\" src=\"http:\/\/gite-montsaintmichel.fr\/beauvoir\/wp-content\/uploads\/2022\/06\/4131e669-f0d4-4015-bd51-570a9220b3cb-1200x700.jpg\" alt=\"4131e669-f0d4-4015-bd51-570a9220b3cb\" \/><\/figure><\/div><div class=\"swiper-slide\"><figure class=\"swiper-slide-inner\"><img decoding=\"async\" class=\"swiper-slide-image\" src=\"http:\/\/gite-montsaintmichel.fr\/beauvoir\/wp-content\/uploads\/2022\/06\/6865ebfa-53bc-4521-95ff-5a245bb619e7-1200x700.jpg\" alt=\"6865ebfa-53bc-4521-95ff-5a245bb619e7\" \/><\/figure><\/div><div class=\"swiper-slide\"><figure class=\"swiper-slide-inner\"><img decoding=\"async\" class=\"swiper-slide-image\" src=\"http:\/\/gite-montsaintmichel.fr\/beauvoir\/wp-content\/uploads\/2022\/06\/361c3bf3-c777-4c22-9828-2aed370fdd52-1200x700.jpg\" alt=\"361c3bf3-c777-4c22-9828-2aed370fdd52\" \/><\/figure><\/div><div class=\"swiper-slide\"><figure class=\"swiper-slide-inner\"><img decoding=\"async\" class=\"swiper-slide-image\" src=\"http:\/\/gite-montsaintmichel.fr\/beauvoir\/wp-content\/uploads\/2022\/06\/0757f47d-5f00-4b6c-873c-4d358fbecfa7-1200x700.jpg\" alt=\"0757f47d-5f00-4b6c-873c-4d358fbecfa7\" \/><\/figure><\/div><div class=\"swiper-slide\"><figure class=\"swiper-slide-inner\"><img decoding=\"async\" class=\"swiper-slide-image\" src=\"http:\/\/gite-montsaintmichel.fr\/beauvoir\/wp-content\/uploads\/2022\/06\/8cff408a_original-1200x700.jpg\" alt=\"8cff408a_original\" \/><\/figure><\/div><div class=\"swiper-slide\"><figure class=\"swiper-slide-inner\"><img decoding=\"async\" class=\"swiper-slide-image\" src=\"http:\/\/gite-montsaintmichel.fr\/beauvoir\/wp-content\/uploads\/2022\/06\/9e5bda11-71dc-4d2d-9d64-b6de5d78d3a9-1200x700.jpg\" alt=\"9e5bda11-71dc-4d2d-9d64-b6de5d78d3a9\" \/><\/figure><\/div><div class=\"swiper-slide\"><figure class=\"swiper-slide-inner\"><img decoding=\"async\" class=\"swiper-slide-image\" src=\"http:\/\/gite-montsaintmichel.fr\/beauvoir\/wp-content\/uploads\/2022\/06\/3e44f13e-556a-43d8-b78e-637ff2e044e5-1200x700.jpg\" alt=\"3e44f13e-556a-43d8-b78e-637ff2e044e5\" \/><\/figure><\/div><div class=\"swiper-slide\"><figure class=\"swiper-slide-inner\"><img decoding=\"async\" class=\"swiper-slide-image\" src=\"http:\/\/gite-montsaintmichel.fr\/beauvoir\/wp-content\/uploads\/2022\/06\/d28b485e_original-1200x700.jpg\" alt=\"d28b485e_original\" \/><\/figure><\/div><div class=\"swiper-slide\"><figure class=\"swiper-slide-inner\"><img decoding=\"async\" class=\"swiper-slide-image\" src=\"http:\/\/gite-montsaintmichel.fr\/beauvoir\/wp-content\/uploads\/2022\/06\/f38590ca_original-1200x700.jpg\" alt=\"f38590ca_original\" \/><\/figure><\/div><div class=\"swiper-slide\"><figure class=\"swiper-slide-inner\"><img decoding=\"async\" class=\"swiper-slide-image\" src=\"http:\/\/gite-montsaintmichel.fr\/beauvoir\/wp-content\/uploads\/2022\/06\/fc122694-aa9a-4629-bf26-e6a6cde8fca6-1200x700.jpg\" alt=\"fc122694-aa9a-4629-bf26-e6a6cde8fca6\" \/><\/figure><\/div><div class=\"swiper-slide\"><figure class=\"swiper-slide-inner\"><img decoding=\"async\" class=\"swiper-slide-image\" src=\"http:\/\/gite-montsaintmichel.fr\/beauvoir\/wp-content\/uploads\/2022\/06\/edc1ea5e_original-1200x700.jpg\" alt=\"edc1ea5e_original\" \/><\/figure><\/div>\t\t\t<\/div>\n\t\t\t\t\t\t\t\t\t\t\t\t<div class=\"swiper-pagination\"><\/div>\n\t\t\t\t\t\t\t\t\t\t\t\t\t<div class=\"elementor-swiper-button elementor-swiper-button-prev\">\n\t\t\t\t\t\t<i aria-hidden=\"true\" class=\"eicon-chevron-left\"><\/i>\t\t\t\t\t\t<span class=\"elementor-screen-only\">Pr\u00e9c\u00e9dent<\/span>\n\t\t\t\t\t<\/div>\n\t\t\t\t\t<div class=\"elementor-swiper-button elementor-swiper-button-next\">\n\t\t\t\t\t\t<i aria-hidden=\"true\" class=\"eicon-chevron-right\"><\/i>\t\t\t\t\t\t<span class=\"elementor-screen-only\">Suivant<\/span>\n\t\t\t\t\t<\/div>\n\t\t\t\t\t\t\t\t\t<\/div>\n\t\t\t\t<\/div>\n\t\t\t\t<\/div>\n\t\t\t\t\t<\/div>\n\t\t<\/div>\n\t\t\t\t\t\t\t<\/div>\n\t\t<\/section>\n\t\t\t\t\t\t\t<\/div>\n\t\t","protected":false},"excerpt":{"rendered":"<p>La Gr\u00e8ve Saint Michel Tarifs Hors saison Avec location au minimum 2 nuits.Pour 4 \u00e0 6 personnes, au del\u00e0 de 6 personnes voir propri\u00e9taire jusqu&rsquo;\u00e0 10 personnes. Tarifs La semaine 780\u20ac Forfait week-end tout compris 380\u20ac La nuit &nbsp;&nbsp;&nbsp; 125\u20ac Haute saison Du 1 Juillet au 30 Ao\u00fbtLocation uniquement du samedi au samedi.Arriv\u00e9e \u00e0 partir [&hellip;]<\/p>\n","protected":false},"author":1,"featured_media":0,"parent":0,"menu_order":0,"comment_status":"closed","ping_status":"closed","template":"","meta":[],"_links":{"self":[{"href":"http:\/\/gite-montsaintmichel.fr\/beauvoir\/index.php\/wp-json\/wp\/v2\/pages\/490"}],"collection":[{"href":"http:\/\/gite-montsaintmichel.fr\/beauvoir\/index.php\/wp-json\/wp\/v2\/pages"}],"about":[{"href":"http:\/\/gite-montsaintmichel.fr\/beauvoir\/index.php\/wp-json\/wp\/v2\/types\/page"}],"author":[{"embeddable":true,"href":"http:\/\/gite-montsaintmichel.fr\/beauvoir\/index.php\/wp-json\/wp\/v2\/users\/1"}],"replies":[{"embeddable":true,"href":"http:\/\/gite-montsaintmichel.fr\/beauvoir\/index.php\/wp-json\/wp\/v2\/comments?post=490"}],"version-history":[{"count":19,"href":"http:\/\/gite-montsaintmichel.fr\/beauvoir\/index.php\/wp-json\/wp\/v2\/pages\/490\/revisions"}],"predecessor-version":[{"id":616,"href":"http:\/\/gite-montsaintmichel.fr\/beauvoir\/index.php\/wp-json\/wp\/v2\/pages\/490\/revisions\/616"}],"wp:attachment":[{"href":"http:\/\/gite-montsaintmichel.fr\/beauvoir\/index.php\/wp-json\/wp\/v2\/media?parent=490"}],"curies":[{"name":"wp","href":"https:\/\/api.w.org\/{rel}","templated":true}]}}